{"id":6694,"date":"2021-10-19T17:04:32","date_gmt":"2021-10-19T15:04:32","guid":{"rendered":"https:\/\/inq.co.za\/declaration-relative-aux-cookies\/"},"modified":"2021-11-01T16:56:36","modified_gmt":"2021-11-01T14:56:36","slug":"declaration-relative-aux-cookies","status":"publish","type":"page","link":"https:\/\/inq.co.za\/fr\/declaration-relative-aux-cookies\/","title":{"rendered":"D\u00e9claration relative aux cookies"},"content":{"rendered":"[vc_row type=\u00a0\u00bbin_container\u00a0\u00bb full_screen_row_position=\u00a0\u00bbmiddle\u00a0\u00bb column_margin=\u00a0\u00bb90px\u00a0\u00bb equal_height=\u00a0\u00bbyes\u00a0\u00bb content_placement=\u00a0\u00bbmiddle\u00a0\u00bb column_direction=\u00a0\u00bbdefault\u00a0\u00bb column_direction_tablet=\u00a0\u00bbdefault\u00a0\u00bb column_direction_phone=\u00a0\u00bbdefault\u00a0\u00bb scene_position=\u00a0\u00bbcenter\u00a0\u00bb top_padding=\u00a0\u00bb120&Prime; bottom_padding=\u00a0\u00bb0&Prime; text_color=\u00a0\u00bbdark\u00a0\u00bb text_align=\u00a0\u00bbleft\u00a0\u00bb row_border_radius=\u00a0\u00bbnone\u00a0\u00bb row_border_radius_applies=\u00a0\u00bbbg\u00a0\u00bb overlay_strength=\u00a0\u00bb0.3&Prime; gradient_direction=\u00a0\u00bbleft_to_right\u00a0\u00bb shape_divider_position=\u00a0\u00bbbottom\u00a0\u00bb bg_image_animation=\u00a0\u00bbnone\u00a0\u00bb shape_type=\u00a0\u00bb\u00a0\u00bb][vc_column column_padding=\u00a0\u00bbpadding-2-percent\u00a0\u00bb column_padding_tablet=\u00a0\u00bbinherit\u00a0\u00bb column_padding_phone=\u00a0\u00bbinherit\u00a0\u00bb column_padding_position=\u00a0\u00bbtop-bottom\u00a0\u00bb column_element_spacing=\u00a0\u00bbdefault\u00a0\u00bb background_color_opacity=\u00a0\u00bb1&Prime; background_hover_color_opacity=\u00a0\u00bb1&Prime; column_shadow=\u00a0\u00bbnone\u00a0\u00bb column_border_radius=\u00a0\u00bbnone\u00a0\u00bb column_link_target=\u00a0\u00bb_self\u00a0\u00bb gradient_direction=\u00a0\u00bbleft_to_right\u00a0\u00bb overlay_strength=\u00a0\u00bb0.3&Prime; width=\u00a0\u00bb1\/1&Prime; tablet_width_inherit=\u00a0\u00bbdefault\u00a0\u00bb tablet_text_alignment=\u00a0\u00bbdefault\u00a0\u00bb phone_text_alignment=\u00a0\u00bbdefault\u00a0\u00bb bg_image_animation=\u00a0\u00bbnone\u00a0\u00bb border_type=\u00a0\u00bbsimple\u00a0\u00bb column_border_width=\u00a0\u00bbnone\u00a0\u00bb column_border_style=\u00a0\u00bbsolid\u00a0\u00bb][vc_row_inner column_margin=\u00a0\u00bbdefault\u00a0\u00bb column_direction=\u00a0\u00bbdefault\u00a0\u00bb column_direction_tablet=\u00a0\u00bbdefault\u00a0\u00bb column_direction_phone=\u00a0\u00bbdefault\u00a0\u00bb top_padding=\u00a0\u00bb30&Prime; text_align=\u00a0\u00bbleft\u00a0\u00bb][vc_column_inner column_padding=\u00a0\u00bbno-extra-padding\u00a0\u00bb column_padding_tablet=\u00a0\u00bbinherit\u00a0\u00bb column_padding_phone=\u00a0\u00bbinherit\u00a0\u00bb column_padding_position=\u00a0\u00bball\u00a0\u00bb column_element_spacing=\u00a0\u00bbdefault\u00a0\u00bb background_color_opacity=\u00a0\u00bb1&Prime; background_hover_color_opacity=\u00a0\u00bb1&Prime; column_shadow=\u00a0\u00bbnone\u00a0\u00bb column_border_radius=\u00a0\u00bbnone\u00a0\u00bb column_link_target=\u00a0\u00bb_self\u00a0\u00bb gradient_direction=\u00a0\u00bbleft_to_right\u00a0\u00bb overlay_strength=\u00a0\u00bb0.3&Prime; width=\u00a0\u00bb1\/1&Prime; tablet_width_inherit=\u00a0\u00bbdefault\u00a0\u00bb bg_image_animation=\u00a0\u00bbnone\u00a0\u00bb enable_animation=\u00a0\u00bbtrue\u00a0\u00bb animation=\u00a0\u00bbfade-in-from-bottom\u00a0\u00bb border_type=\u00a0\u00bbsimple\u00a0\u00bb column_border_width=\u00a0\u00bbnone\u00a0\u00bb column_border_style=\u00a0\u00bbsolid\u00a0\u00bb][vc_column_text]<b>D\u00e9claration relative aux cookies<\/b><\/p>\n<p><span style=\"font-weight: 400;\">inq. Holding Limited et ses soci\u00e9t\u00e9s affili\u00e9es (r\u00e9pertori\u00e9es dans la section \u00ab&nbsp;Affili\u00e9s&nbsp;\u00bb de notre politique de confidentialit\u00e9 (collectivement \u00ab&nbsp;inq.&nbsp;\u00bb \u00ab&nbsp;nous&nbsp;\u00bb et \u00ab&nbsp;nous&nbsp;\u00bb) et les tiers avec lesquels nous travaillons en partenariat utilisent des cookies et des technologies similaires sur inq. sites Web (y compris les sites mobiles) et sites de m\u00e9dias sociaux (\u00ab&nbsp;Sites&nbsp;\u00bb), applications mobiles (Applications) (collectivement \u00ab&nbsp;Services en ligne&nbsp;\u00bb) pour offrir aux utilisateurs (\u00ab&nbsp;vous&nbsp;\u00bb ou \u00ab&nbsp;votre&nbsp;\u00bb) la meilleure exp\u00e9rience de navigation possible.<\/span><\/p>\n<p><span style=\"font-weight: 400;\">Cette d\u00e9claration relative aux cookies explique&nbsp;:<\/span><\/p>\n<ul>\n<li style=\"font-weight: 400;\" aria-level=\"1\"><span style=\"font-weight: 400;\">que sont les cookies,<\/span><\/li>\n<li style=\"font-weight: 400;\" aria-level=\"1\"><span style=\"font-weight: 400;\">comment nous utilisons les cookies et technologies similaires,<\/span><\/li>\n<li style=\"font-weight: 400;\" aria-level=\"1\"><span style=\"font-weight: 400;\">comment les tiers avec lesquels nous travaillons peuvent utiliser des cookies et des technologies similaires, et<\/span><\/li>\n<li style=\"font-weight: 400;\" aria-level=\"1\"><span style=\"font-weight: 400;\">vos choix concernant l&rsquo;acceptation des cookies et technologies similaires.<\/span><\/li>\n<li style=\"font-weight: 400;\" aria-level=\"1\"><span style=\"font-weight: 400;\">En cr\u00e9ant ou en vous connectant \u00e0 un compte en ligne avec nous ou en utilisant nos services en ligne, vous acceptez l&rsquo;utilisation de cookies et de technologies similaires sur nos services en ligne aux fins que nous d\u00e9crivons dans la pr\u00e9sente d\u00e9claration relative aux cookies.<\/span><\/li>\n<\/ul>\n<p>&nbsp;<\/p>\n<ol>\n<li><b> Que sont les cookies ?<\/b><\/li>\n<\/ol>\n<p><span style=\"font-weight: 400;\">Un cookie est un petit fichier texte, plac\u00e9 sur votre PC, tablette ou t\u00e9l\u00e9phone mobile (collectivement \u00ab&nbsp;appareils&nbsp;\u00bb et individuellement \u00ab&nbsp;un appareil&nbsp;\u00bb) lorsque vous visitez un service en ligne. Les cookies renvoient des informations au service en ligne d&rsquo;origine ou \u00e0 un autre service en ligne qui reconna\u00eet ce cookie.<\/span><\/p>\n<p><span style=\"font-weight: 400;\">Les cookies peuvent \u00eatre permanents (cookies persistants) et rester sur votre appareil jusqu&rsquo;\u00e0 ce que vous les supprimiez ou les effacez, ou temporaires (cookies de session) o\u00f9 ils restent jusqu&rsquo;\u00e0 ce que vous fermiez votre navigateur.<\/span><\/p>\n<p><span style=\"font-weight: 400;\">Les cookies peuvent \u00e9galement \u00eatre des cookies internes d\u00e9finis par le service en ligne que vous visitez ou des cookies tiers d\u00e9finis par un service en ligne autre que le service en ligne que vous visitez.<\/span><\/p>\n<p><span style=\"font-weight: 400;\">Les cookies nous aident \u00e0 faire des choses telles que :<\/span><\/p>\n<ul>\n<li style=\"font-weight: 400;\" aria-level=\"1\"><span style=\"font-weight: 400;\">identifier votre appareil lorsque vous utilisez nos Services en ligne&nbsp;;<\/span><\/li>\n<li style=\"font-weight: 400;\" aria-level=\"1\"><span style=\"font-weight: 400;\">identifier le navigateur que vous utilisez&nbsp;;<\/span><\/li>\n<li style=\"font-weight: 400;\" aria-level=\"1\"><span style=\"font-weight: 400;\">identifier les pages sp\u00e9cifiques que vous consultez et l&rsquo;heure et la date \u00e0 laquelle vous avez consult\u00e9 nos services en ligne&nbsp;;<\/span><\/li>\n<li style=\"font-weight: 400;\" aria-level=\"1\"><span style=\"font-weight: 400;\">souviens-toi de toi \u00e0 ton retour ;<\/span><\/li>\n<li style=\"font-weight: 400;\" aria-level=\"1\"><span style=\"font-weight: 400;\">vous offrir une exp\u00e9rience de navigation plus rapide, meilleure et plus s\u00fbre&nbsp;;<\/span><\/li>\n<li style=\"font-weight: 400;\" aria-level=\"1\"><span style=\"font-weight: 400;\">garder une trace de vos pr\u00e9f\u00e9rences&nbsp;;<\/span><\/li>\n<li style=\"font-weight: 400;\" aria-level=\"1\"><span style=\"font-weight: 400;\">vous offrir une exp\u00e9rience plus personnalis\u00e9e&nbsp;; et<\/span><\/li>\n<li style=\"font-weight: 400;\" aria-level=\"1\"><span style=\"font-weight: 400;\">mesurer et analyser les mod\u00e8les de trafic et le comportement des utilisateurs sur nos services en ligne.<\/span><\/li>\n<\/ul>\n<p>&nbsp;<\/p>\n<ol start=\"2\">\n<li><b> Comment nous utilisons les cookies<\/b><\/li>\n<\/ol>\n<p><span style=\"font-weight: 400;\">Nous utilisons diff\u00e9rents types de cookies \u00e0 diverses fins, notamment les suivantes :<\/span><\/p>\n<p><b><i>Connexion et authentification &#8211;<\/i><\/b> <span style=\"font-weight: 400;\">pour v\u00e9rifier votre compte, rappelez-vous lorsque vous vous connectez afin de ne pas avoir besoin de continuer \u00e0 vous connecter et de rester connect\u00e9 pour naviguer facilement entre les pages de nos services en ligne.<\/span><\/p>\n<p><b><i>Vos pr\u00e9f\u00e9rences et param\u00e8tres &#8211;<\/i><\/b> <span style=\"font-weight: 400;\">pour nous aider \u00e0 m\u00e9moriser vos pr\u00e9f\u00e9rences, y compris votre langue pr\u00e9f\u00e9r\u00e9e, les param\u00e8tres de votre navigateur et vos pr\u00e9f\u00e9rences de communication et de d\u00e9sinscription afin qu&rsquo;elles n&rsquo;aient pas \u00e0 \u00eatre r\u00e9initialis\u00e9es chaque fois que vous revenez sur nos services en ligne.<\/span><\/p>\n<p><b><i>Performances \u2013<\/i><\/b> <span style=\"font-weight: 400;\">pour \u00e9valuer les performances de nos services en ligne et am\u00e9liorer les fonctionnalit\u00e9s, les fonctions, le contenu et la conception de nos services en ligne.<\/span><\/p>\n<p><b><i>Analyse et recherche \u2013<\/i><\/b><span style=\"font-weight: 400;\"> pour collecter des donn\u00e9es d&rsquo;utilisation et de performance sur nos Services en ligne. Par exemple, nous pouvons utiliser des cookies pour compter le nombre de visiteurs uniques sur les pages de nos Sites, quel contenu a \u00e9t\u00e9 consult\u00e9 et sur quels liens ont \u00e9t\u00e9 cliqu\u00e9s, pour enregistrer les adresses IP des utilisateurs afin d&rsquo;analyser les tendances et de compiler d&rsquo;autres statistiques sur l&rsquo;utilisation de notre Services en ligne et comportement des utilisateurs. Ces cookies incluent nos cookies et les cookies tiers.<\/span><\/p>\n<p><b><i>S\u00e9curit\u00e9 \u2013<\/i><\/b> <span style=\"font-weight: 400;\">pour activer et prendre en charge nos fonctionnalit\u00e9s de s\u00e9curit\u00e9, assurer la s\u00e9curit\u00e9 de votre compte et nous aider \u00e0 lutter contre la fraude et toute activit\u00e9 sur nos services en ligne qui enfreint nos politiques ou la loi applicable.<\/span><\/p>\n<p>&nbsp;<\/p>\n<ol start=\"3\">\n<li><b> Cookies et technologies similaires utilis\u00e9s par des tiers et nous<\/b><\/li>\n<\/ol>\n<p><span style=\"font-weight: 400;\">inq. et les tiers avec lesquels nous travaillons en partenariat utilisent les cookies suivants :<\/span><\/p>\n<ul>\n<li style=\"font-weight: 400;\" aria-level=\"1\"><span style=\"font-weight: 400;\">Cookies strictement n\u00e9cessaires<\/span><\/li>\n<\/ul>\n<p><span style=\"font-weight: 400;\">Ces cookies sont indispensables au fonctionnement technique et au bon fonctionnement de nos Services en ligne et vous permettent de vous inscrire et de vous connecter, de vous d\u00e9placer rapidement dans nos Services en ligne et de s\u00e9curiser les zones d&rsquo;acc\u00e8s. Sans ces cookies, nos services en ligne ne fonctionneront pas correctement.<\/span><\/p>\n<ul>\n<li style=\"font-weight: 400;\" aria-level=\"1\"><span style=\"font-weight: 400;\">Cookies de performances<\/span><\/li>\n<\/ul>\n<p><span style=\"font-weight: 400;\">Les cookies de performance nous permettent de collecter des donn\u00e9es agr\u00e9g\u00e9es et anonymes sur la fa\u00e7on dont nos services en ligne sont utilis\u00e9s, telles que le nombre de visiteurs de nos services en ligne, la fa\u00e7on dont vous naviguez et le temps pass\u00e9 sur nos services en ligne, et l&rsquo;identification d&rsquo;\u00e9ventuelles erreurs de fonctionnalit\u00e9. Ces cookies nous aident \u00e9galement \u00e0 am\u00e9liorer le fonctionnement de nos services en ligne en vous permettant de trouver facilement ce que vous cherchez, de mieux comprendre ce qui vous int\u00e9resse et de mesurer l&rsquo;efficacit\u00e9 du contenu de nos services en ligne. Ces cookies peuvent \u00eatre des cookies permanents ou temporaires ou des cookies propri\u00e9taires ou tiers.<\/span><\/p>\n<ul>\n<li style=\"font-weight: 400;\" aria-level=\"1\"><span style=\"font-weight: 400;\">Cookies fonctionnels<\/span><\/li>\n<\/ul>\n<p><span style=\"font-weight: 400;\">Ces cookies nous aident \u00e0 am\u00e9liorer et personnaliser votre exp\u00e9rience de navigation en stockant vos pr\u00e9f\u00e9rences et en offrant des fonctionnalit\u00e9s am\u00e9lior\u00e9es.<\/span><\/p>\n<ul>\n<li style=\"font-weight: 400;\" aria-level=\"1\"><span style=\"font-weight: 400;\">Cookies tiers et technologies similaires<\/span><\/li>\n<\/ul>\n<p><span style=\"font-weight: 400;\">Nos services en ligne affichent du contenu et des fonctionnalit\u00e9s de m\u00e9dias sociaux provenant de tiers, y compris le bouton \u00ab&nbsp;J&rsquo;aime&nbsp;\u00bb de Facebook, le bouton \u00ab&nbsp;Suivre&nbsp;\u00bb de Twitter et le bouton \u00ab&nbsp;Partager&nbsp;\u00bb de LinkedIn sur nos services en ligne. Lorsque vous visitez des pages Web contenant du contenu tiers, les cookies utilis\u00e9s par ces tiers peuvent suivre votre utilisation de nos services en ligne et collecter des informations telles que votre adresse IP et les pages que vous visitez.<\/span><\/p>\n<p><span style=\"font-weight: 400;\">Des tiers peuvent \u00e9galement utiliser des technologies similaires aux cookies, telles que des balises Web (GIF clairs int\u00e9gr\u00e9s aux pages Web), des objets partag\u00e9s locaux (\u00e9galement appel\u00e9s cookies flash, c&rsquo;est-\u00e0-dire des messages utilis\u00e9s dans Adobe Flash) qui sont envoy\u00e9s d&rsquo;un serveur Web \u00e0 un site Web. navigateur et sont ensuite stock\u00e9s sous forme de fichier de donn\u00e9es dans un navigateur) pour nous aider \u00e0 vous fournir un contenu personnalis\u00e9 sur nos services en ligne.<\/span><\/p>\n<p><span style=\"font-weight: 400;\">Les cookies tiers et technologies similaires utilisent les informations de navigation collect\u00e9es pour faire des choses telles que :<\/span><\/p>\n<ul>\n<li style=\"font-weight: 400;\" aria-level=\"1\"><span style=\"font-weight: 400;\">compter le nombre de visiteurs de nos Services en ligne&nbsp;;<\/span><\/li>\n<li style=\"font-weight: 400;\" aria-level=\"1\"><span style=\"font-weight: 400;\">identifier les pages Web que vous consultez et les liens sur lesquels vous cliquez, ainsi que les autres actions que vous effectuez sur ces pages Web&nbsp;; et<\/span><\/li>\n<li style=\"font-weight: 400;\" aria-level=\"1\"><span style=\"font-weight: 400;\">souvenez-vous du service en ligne d&rsquo;o\u00f9 vous venez avant d&rsquo;arriver \u00e0 une page Web particuli\u00e8re.<\/span><\/li>\n<\/ul>\n<p><span style=\"font-weight: 400;\">Nous utilisons \u00e9galement des outils d&rsquo;analyse tiers tels que Google Analytics, qui utilisent des cookies et des technologies similaires pour collecter des donn\u00e9es sur vos activit\u00e9s en ligne afin d&rsquo;analyser votre comportement sur nos services en ligne et vos actions et tendances. Ces donn\u00e9es nous aident \u00e0 compiler des statistiques agr\u00e9g\u00e9es sur l&rsquo;efficacit\u00e9 de nos campagnes marketing ou d&rsquo;autres op\u00e9rations. Veuillez noter que nous ne contr\u00f4lons pas l&rsquo;utilisation de cookies tiers et de technologies similaires.<\/span><\/p>\n<p>&nbsp;<\/p>\n<ol start=\"4\">\n<li><b> Vos choix de cookies<\/b><\/li>\n<\/ol>\n<p><span style=\"font-weight: 400;\">Si vous ne souhaitez pas recevoir de cookies ou ajuster vos pr\u00e9f\u00e9rences en mati\u00e8re de cookies, la plupart des navigateurs vous permettent de modifier les param\u00e8tres de votre navigateur pour bloquer ou supprimer les cookies. La fonction \u00ab&nbsp;aide&nbsp;\u00bb de votre navigateur vous indiquera comment proc\u00e9der.<\/span><\/p>\n<p><span style=\"font-weight: 400;\">Vous devez savoir que si vous bloquez ou supprimez les cookies, nos services en ligne peuvent ne pas fonctionner correctement et vous ne pourrez peut-\u00eatre pas acc\u00e9der \u00e0 certaines zones.<\/span><\/p>\n<p>&nbsp;<\/p>\n<ol start=\"5\">\n<li><b> Mises \u00e0 jour de cette d\u00e9claration relative aux cookies<\/b><\/li>\n<\/ol>\n<p><span style=\"font-weight: 400;\">Nous pouvons mettre \u00e0 jour cette d\u00e9claration relative aux cookies \u00e0 tout moment. Si nous le faisons, nous mettrons \u00e0 jour la section \u00ab&nbsp;derni\u00e8re modification&nbsp;\u00bb au bas de cette d\u00e9claration relative aux cookies.<\/span><\/p>\n<p><span style=\"font-weight: 400;\">Nous vous encourageons \u00e0 consulter r\u00e9guli\u00e8rement cette d\u00e9claration relative aux cookies pour rester inform\u00e9 de notre utilisation des cookies.<\/span><\/p>\n<p>&nbsp;<\/p>\n<ol start=\"6\">\n<li><b> Comment nous contacter<\/b><\/li>\n<\/ol>\n<p><span style=\"font-weight: 400;\">Si vous avez des questions concernant cette d\u00e9claration relative aux cookies, veuillez nous contacter. Vous pouvez nous joindre \u00e0 privacy@inq.inc<\/span><\/p>\n<p>&nbsp;<\/p>\n<p><span style=\"font-weight: 400;\">Derni\u00e8re modification&nbsp;: 15&nbsp;octobre&nbsp;2021<\/span>[\/vc_column_text][\/vc_column_inner][\/vc_row_inner][\/vc_column][\/vc_row][vc_row type=\u00a0\u00bbfull_width_background\u00a0\u00bb full_screen_row_position=\u00a0\u00bbmiddle\u00a0\u00bb column_margin=\u00a0\u00bbdefault\u00a0\u00bb equal_height=\u00a0\u00bbyes\u00a0\u00bb content_placement=\u00a0\u00bbmiddle\u00a0\u00bb column_direction=\u00a0\u00bbdefault\u00a0\u00bb column_direction_tablet=\u00a0\u00bbdefault\u00a0\u00bb column_direction_phone=\u00a0\u00bbdefault\u00a0\u00bb bg_color=\u00a0\u00bb#5a1f2a\u00a0\u00bb scene_position=\u00a0\u00bbcenter\u00a0\u00bb top_padding=\u00a0\u00bb70&Prime; bottom_padding=\u00a0\u00bb70&Prime; text_color=\u00a0\u00bblight\u00a0\u00bb text_align=\u00a0\u00bbleft\u00a0\u00bb row_border_radius=\u00a0\u00bbnone\u00a0\u00bb row_border_radius_applies=\u00a0\u00bbbg\u00a0\u00bb overlay_strength=\u00a0\u00bb0.95&Prime; gradient_direction=\u00a0\u00bbleft_to_right\u00a0\u00bb shape_divider_position=\u00a0\u00bbbottom\u00a0\u00bb bg_image_animation=\u00a0\u00bbnone\u00a0\u00bb shape_type=\u00a0\u00bb\u00a0\u00bb][vc_column column_padding=\u00a0\u00bbno-extra-padding\u00a0\u00bb column_padding_tablet=\u00a0\u00bbinherit\u00a0\u00bb column_padding_phone=\u00a0\u00bbinherit\u00a0\u00bb column_padding_position=\u00a0\u00bball\u00a0\u00bb column_element_spacing=\u00a0\u00bbdefault\u00a0\u00bb background_color_opacity=\u00a0\u00bb1&Prime; background_hover_color_opacity=\u00a0\u00bb1&Prime; column_shadow=\u00a0\u00bbnone\u00a0\u00bb column_border_radius=\u00a0\u00bbnone\u00a0\u00bb column_link_target=\u00a0\u00bb_self\u00a0\u00bb gradient_direction=\u00a0\u00bbleft_to_right\u00a0\u00bb overlay_strength=\u00a0\u00bb0.3&Prime; width=\u00a0\u00bb5\/12&Prime; tablet_width_inherit=\u00a0\u00bbdefault\u00a0\u00bb tablet_text_alignment=\u00a0\u00bbcenter\u00a0\u00bb phone_text_alignment=\u00a0\u00bbcenter\u00a0\u00bb bg_image_animation=\u00a0\u00bbnone\u00a0\u00bb border_type=\u00a0\u00bbsimple\u00a0\u00bb column_border_width=\u00a0\u00bbnone\u00a0\u00bb column_border_style=\u00a0\u00bbsolid\u00a0\u00bb][split_line_heading animation_type=\u00a0\u00bbline-reveal-by-space\u00a0\u00bb font_style=\u00a0\u00bbh2&Prime; content_alignment=\u00a0\u00bbdefault\u00a0\u00bb mobile_content_alignment=\u00a0\u00bbinherit\u00a0\u00bb text_content=\u00a0\u00bbAssez parl\u00e9 de nous, nous voulons entendre parler de vous\u00a0\u00bb][\/split_line_heading][\/vc_column][vc_column column_padding=\u00a0\u00bbno-extra-padding\u00a0\u00bb column_padding_tablet=\u00a0\u00bbinherit\u00a0\u00bb column_padding_phone=\u00a0\u00bbinherit\u00a0\u00bb column_padding_position=\u00a0\u00bball\u00a0\u00bb column_element_spacing=\u00a0\u00bbdefault\u00a0\u00bb background_color_opacity=\u00a0\u00bb1&Prime; background_hover_color_opacity=\u00a0\u00bb1&Prime; column_shadow=\u00a0\u00bbnone\u00a0\u00bb column_border_radius=\u00a0\u00bbnone\u00a0\u00bb column_link_target=\u00a0\u00bb_self\u00a0\u00bb gradient_direction=\u00a0\u00bbleft_to_right\u00a0\u00bb overlay_strength=\u00a0\u00bb0.3&Prime; width=\u00a0\u00bb1\/12&Prime; tablet_width_inherit=\u00a0\u00bbdefault\u00a0\u00bb tablet_text_alignment=\u00a0\u00bbcenter\u00a0\u00bb phone_text_alignment=\u00a0\u00bbcenter\u00a0\u00bb bg_image_animation=\u00a0\u00bbnone\u00a0\u00bb border_type=\u00a0\u00bbsimple\u00a0\u00bb column_border_width=\u00a0\u00bbnone\u00a0\u00bb column_border_style=\u00a0\u00bbsolid\u00a0\u00bb][\/vc_column][vc_column column_padding=\u00a0\u00bbno-extra-padding\u00a0\u00bb column_padding_tablet=\u00a0\u00bbinherit\u00a0\u00bb column_padding_phone=\u00a0\u00bbinherit\u00a0\u00bb column_padding_position=\u00a0\u00bball\u00a0\u00bb column_element_spacing=\u00a0\u00bbdefault\u00a0\u00bb background_color_opacity=\u00a0\u00bb1&Prime; background_hover_color_opacity=\u00a0\u00bb1&Prime; column_shadow=\u00a0\u00bbnone\u00a0\u00bb column_border_radius=\u00a0\u00bbnone\u00a0\u00bb column_link_target=\u00a0\u00bb_self\u00a0\u00bb gradient_direction=\u00a0\u00bbleft_to_right\u00a0\u00bb overlay_strength=\u00a0\u00bb0.3&Prime; width=\u00a0\u00bb1\/2&Prime; tablet_width_inherit=\u00a0\u00bbdefault\u00a0\u00bb tablet_text_alignment=\u00a0\u00bbcenter\u00a0\u00bb phone_text_alignment=\u00a0\u00bbcenter\u00a0\u00bb bg_image_animation=\u00a0\u00bbnone\u00a0\u00bb border_type=\u00a0\u00bbsimple\u00a0\u00bb column_border_width=\u00a0\u00bbnone\u00a0\u00bb column_border_style=\u00a0\u00bbsolid\u00a0\u00bb][vc_row_inner column_margin=\u00a0\u00bbdefault\u00a0\u00bb column_direction=\u00a0\u00bbdefault\u00a0\u00bb column_direction_tablet=\u00a0\u00bbdefault\u00a0\u00bb column_direction_phone=\u00a0\u00bbdefault\u00a0\u00bb text_align=\u00a0\u00bbright\u00a0\u00bb][vc_column_inner column_padding=\u00a0\u00bbno-extra-padding\u00a0\u00bb column_padding_tablet=\u00a0\u00bbinherit\u00a0\u00bb column_padding_phone=\u00a0\u00bbinherit\u00a0\u00bb column_padding_position=\u00a0\u00bball\u00a0\u00bb column_element_spacing=\u00a0\u00bbdefault\u00a0\u00bb background_color_opacity=\u00a0\u00bb1&Prime; background_hover_color_opacity=\u00a0\u00bb1&Prime; column_shadow=\u00a0\u00bbnone\u00a0\u00bb column_border_radius=\u00a0\u00bbnone\u00a0\u00bb column_link_target=\u00a0\u00bb_self\u00a0\u00bb gradient_direction=\u00a0\u00bbleft_to_right\u00a0\u00bb overlay_strength=\u00a0\u00bb0.3&Prime; width=\u00a0\u00bb1\/1&Prime; tablet_width_inherit=\u00a0\u00bbdefault\u00a0\u00bb bg_image_animation=\u00a0\u00bbnone\u00a0\u00bb border_type=\u00a0\u00bbsimple\u00a0\u00bb column_border_width=\u00a0\u00bbnone\u00a0\u00bb column_border_style=\u00a0\u00bbsolid\u00a0\u00bb][nectar_cta btn_style=\u00a0\u00bbarrow-animation\u00a0\u00bb heading_tag=\u00a0\u00bbh4&Prime; text_color=\u00a0\u00bb#ffffff\u00a0\u00bb button_color=\u00a0\u00bbaccent-color\u00a0\u00bb link_type=\u00a0\u00bbregular\u00a0\u00bb alignment=\u00a0\u00bbleft\u00a0\u00bb alignment_tablet=\u00a0\u00bbdefault\u00a0\u00bb alignment_phone=\u00a0\u00bbdefault\u00a0\u00bb display=\u00a0\u00bbinline\u00a0\u00bb link_text=\u00a0\u00bbEntrer en contact\u00a0\u00bb url=\u00a0\u00bbmailto:hello@themenectar.com\u00a0\u00bb padding_top=\u00a0\u00bb20&Prime; padding_right=\u00a0\u00bb40&Prime; padding_bottom=\u00a0\u00bb20&Prime; padding_left=\u00a0\u00bb40&Prime;][\/vc_column_inner][\/vc_row_inner][\/vc_column][\/vc_row]\n","protected":false},"excerpt":{"rendered":"<p>[vc_row type=\u00a0\u00bbin_container\u00a0\u00bb full_screen_row_position=\u00a0\u00bbmiddle\u00a0\u00bb column_margin=\u00a0\u00bb90px\u00a0\u00bb equal_height=\u00a0\u00bbyes\u00a0\u00bb content_placement=\u00a0\u00bbmiddle\u00a0\u00bb column_direction=\u00a0\u00bbdefault\u00a0\u00bb column_direction_tablet=\u00a0\u00bbdefault\u00a0\u00bb column_direction_phone=\u00a0\u00bbdefault\u00a0\u00bb scene_position=\u00a0\u00bbcenter\u00a0\u00bb top_padding=\u00a0\u00bb120&Prime; bottom_padding=\u00a0\u00bb0&Prime; text_color=\u00a0\u00bbdark\u00a0\u00bb text_align=\u00a0\u00bbleft\u00a0\u00bb row_border_radius=\u00a0\u00bbnone\u00a0\u00bb row_border_radius_applies=\u00a0\u00bbbg\u00a0\u00bb overlay_strength=\u00a0\u00bb0.3&Prime; gradient_direction=\u00a0\u00bbleft_to_right\u00a0\u00bb shape_divider_position=\u00a0\u00bbbottom\u00a0\u00bb bg_image_animation=\u00a0\u00bbnone\u00a0\u00bb shape_type=\u00a0\u00bb\u00a0\u00bb][vc_column column_padding=\u00a0\u00bbpadding-2-percent\u00a0\u00bb column_padding_tablet=\u00a0\u00bbinherit\u00a0\u00bb column_padding_phone=\u00a0\u00bbinherit\u00a0\u00bb column_padding_position=\u00a0\u00bbtop-bottom\u00a0\u00bb column_element_spacing=\u00a0\u00bbdefault\u00a0\u00bb background_color_opacity=\u00a0\u00bb1&Prime; background_hover_color_opacity=\u00a0\u00bb1&Prime; column_shadow=\u00a0\u00bbnone\u00a0\u00bb column_border_radius=\u00a0\u00bbnone\u00a0\u00bb&#8230;<\/p>\n","protected":false},"author":2,"featured_media":0,"parent":0,"menu_order":0,"comment_status":"closed","ping_status":"closed","template":"","meta":{"footnotes":""},"class_list":["post-6694","page","type-page","status-publish"],"_links":{"self":[{"href":"https:\/\/inq.co.za\/fr\/wp-json\/wp\/v2\/pages\/6694","targetHints":{"allow":["GET"]}}],"collection":[{"href":"https:\/\/inq.co.za\/fr\/wp-json\/wp\/v2\/pages"}],"about":[{"href":"https:\/\/inq.co.za\/fr\/wp-json\/wp\/v2\/types\/page"}],"author":[{"embeddable":true,"href":"https:\/\/inq.co.za\/fr\/wp-json\/wp\/v2\/users\/2"}],"replies":[{"embeddable":true,"href":"https:\/\/inq.co.za\/fr\/wp-json\/wp\/v2\/comments?post=6694"}],"version-history":[{"count":12,"href":"https:\/\/inq.co.za\/fr\/wp-json\/wp\/v2\/pages\/6694\/revisions"}],"predecessor-version":[{"id":7149,"href":"https:\/\/inq.co.za\/fr\/wp-json\/wp\/v2\/pages\/6694\/revisions\/7149"}],"wp:attachment":[{"href":"https:\/\/inq.co.za\/fr\/wp-json\/wp\/v2\/media?parent=6694"}],"curies":[{"name":"wp","href":"https:\/\/api.w.org\/{rel}","templated":true}]}}